{"id":534,"date":"2016-04-10T15:18:33","date_gmt":"2016-04-10T13:18:33","guid":{"rendered":"http:\/\/ezs-online.de\/?page_id=534"},"modified":"2026-04-14T17:08:23","modified_gmt":"2026-04-14T15:08:23","slug":"ueber-das-lehrangebot","status":"publish","type":"page","link":"http:\/\/ezs-online.de\/kadence-testvers\/?page_id=534&lang=de","title":{"rendered":"EZS-Kolloquium"},"content":{"rendered":"<style>.kb-row-layout-id534_f5849b-8f > .kt-row-column-wrap{align-content:start;}:where(.kb-row-layout-id534_f5849b-8f > .kt-row-column-wrap) > .wp-block-kadence-column{justify-content:start;}.kb-row-layout-id534_f5849b-8f > .kt-row-column-wrap{column-gap:var(--global-kb-gap-md, 2rem);row-gap:var(--global-kb-gap-md, 2rem);max-width:var( --global-content-width, 1290px );padding-left:var(--global-content-edge-padding);padding-right:var(--global-content-edge-padding);padding-top:var(--global-kb-spacing-xxl, 5rem);padding-bottom:var(--global-kb-spacing-xxl, 5rem);grid-template-columns:minmax(0, 1fr);}.kb-row-layout-id534_f5849b-8f{background-image:url('http:\/\/ezs-online.de\/kadence-testvers\/wp-content\/uploads\/2024\/11\/5I5A6877-3-scaled.jpg');background-size:cover;background-position:52% 56.99999999999999%;background-attachment:scroll;background-repeat:no-repeat;}.kb-row-layout-id534_f5849b-8f > .kt-row-layout-overlay{opacity:0.70;background-color:var(--global-palette9, #ffffff);}@media all and (max-width: 1024px){.kb-row-layout-id534_f5849b-8f > .kt-row-column-wrap{grid-template-columns:minmax(0, 1fr);}}@media all and (max-width: 767px){.kb-row-layout-id534_f5849b-8f > .kt-row-column-wrap{grid-template-columns:minmax(0, 1fr);}}<\/style><div class=\"kb-row-layout-wrap kb-row-layout-id534_f5849b-8f alignfull has-theme-palette9-background-color kt-row-has-bg wp-block-kadence-rowlayout\"><div class=\"kt-row-layout-overlay kt-row-overlay-normal\"><\/div><div class=\"kt-row-column-wrap kt-has-1-columns kt-row-layout-equal kt-tab-layout-inherit kt-mobile-layout-row kt-row-valign-top kb-theme-content-width\">\n<style>.kadence-column534_98d46d-df > .kt-inside-inner-col{border-top:0px solid var(--global-palette3, #1A202C);border-right:0px solid var(--global-palette3, #1A202C);border-bottom:0px solid var(--global-palette3, #1A202C);border-left:0px solid var(--global-palette3, #1A202C);}.kadence-column534_98d46d-df > .kt-inside-inner-col,.kadence-column534_98d46d-df > .kt-inside-inner-col:before{border-top-left-radius:0px;border-top-right-radius:0px;border-bottom-right-radius:0px;border-bottom-left-radius:0px;}.kadence-column534_98d46d-df > .kt-inside-inner-col{column-gap:var(--global-kb-gap-sm, 1rem);}.kadence-column534_98d46d-df > .kt-inside-inner-col{flex-direction:column;}.kadence-column534_98d46d-df > .kt-inside-inner-col > .aligncenter{width:100%;}.kadence-column534_98d46d-df > .kt-inside-inner-col:before{opacity:0.3;}.kadence-column534_98d46d-df{text-align:left;}.kadence-column534_98d46d-df{position:relative;}@media all and (max-width: 1024px){.kadence-column534_98d46d-df > .kt-inside-inner-col{border-top:0px solid var(--global-palette3, #1A202C);border-right:0px solid var(--global-palette3, #1A202C);border-bottom:0px solid var(--global-palette3, #1A202C);border-left:0px solid var(--global-palette3, #1A202C);flex-direction:column;}}@media all and (max-width: 767px){.kadence-column534_98d46d-df > .kt-inside-inner-col{border-top:0px solid var(--global-palette3, #1A202C);border-right:0px solid var(--global-palette3, #1A202C);border-bottom:0px solid var(--global-palette3, #1A202C);border-left:0px solid var(--global-palette3, #1A202C);flex-direction:column;}}<\/style>\n<div class=\"wp-block-kadence-column kadence-column534_98d46d-df kb-section-dir-vertical inner-column-1\"><div class=\"kt-inside-inner-col\"><style>.wp-block-kadence-advancedheading.kt-adv-heading534_1c36c2-b3, .wp-block-kadence-advancedheading.kt-adv-heading534_1c36c2-b3[data-kb-block=\"kb-adv-heading534_1c36c2-b3\"]{max-width:820px;margin-right:auto;margin-left:auto;text-align:center;font-size:var(--global-kb-font-size-lg, 2rem);line-height:1.2em;font-style:normal;border-bottom-right-radius:1px;}.wp-block-kadence-advancedheading.kt-adv-heading534_1c36c2-b3 mark.kt-highlight, .wp-block-kadence-advancedheading.kt-adv-heading534_1c36c2-b3[data-kb-block=\"kb-adv-heading534_1c36c2-b3\"] mark.kt-highlight{font-style:normal;color:#f76a0c;-webkit-box-decoration-break:clone;box-decoration-break:clone;padding-top:0px;padding-right:0px;padding-bottom:0px;padding-left:0px;}@media all and (max-width: 767px){.wp-block-kadence-advancedheading.kt-adv-heading534_1c36c2-b3, .wp-block-kadence-advancedheading.kt-adv-heading534_1c36c2-b3[data-kb-block=\"kb-adv-heading534_1c36c2-b3\"]{margin-bottom:0px;}}<\/style>\n<h2 class=\"kt-adv-heading534_1c36c2-b3 wp-block-kadence-advancedheading has-theme-palette-3-color has-text-color\" data-kb-block=\"kb-adv-heading534_1c36c2-b3\">EZS-Kolloquium<\/h2>\n<\/div><\/div>\n\n<\/div><\/div>\n\n\n<p>&nbsp;<\/p>\n<p>&nbsp;<\/p>\n\n\n\n<p>Das EZS-Kolloquium steht allen Nachwuchswissenschaftlerinnen und Nachwuchswissenschaftlern offen, die an einem Austausch mit Experten verschiedener Sprachen interessiert sind. Das Kolloquium will den meist auf eine Philologie gerichteten Forschungskontext um den Horizont weiterer linguistischer Teilf\u00e4cher erweitern. In erster Linie soll damit den Doktorandinnen und Doktoranden eine Plattform des Austausches geboten werden. Selbstverst\u00e4ndlich sind auch Vortr\u00e4ge von Habilitandinnen und Habilitanden m\u00f6glich oder in Einzelf\u00e4llen von Studierenden, die ihre Abschlussarbeiten im Bachelor- und Master-Studium verfassen. Im Mittelpunkt steht der wissenschaftliche Austausch verschiedener Philologien, also der mehrsprachige Blick auf linguistische Fragestellungen.<\/p>\n\n\n\n<p>Sprachwissenschaftlich Interessierte k\u00f6nnen in diesem Forschungskolloquium zwanglos den Aufbau, die Zielsetzung, das zugrundeliegende Theoriegeb\u00e4ude, die Methodologie und die Materialgrundlage sowie einzelne wichtige Teilprobleme der eigenen Untersuchung mit Kommilitoninnen und Kommilitonen und weiteren Expertinnen und Experten verschiedener Sprachen und linguistischer Teildisziplinen diskutieren. Das vorgestellte Thema muss nicht zwingend Mehrsprachigkeitsaspekte ber\u00fchren, um auch f\u00fcr andere Disziplinen interessant zu sein. Dar\u00fcber hinaus erh\u00e4lt man einen Eindruck, wie man sich in einer wissenschaftlichen Runde in Vortrag und Diskussion pr\u00e4sentieren kann \u2013 eine heute allseits geforderte Schl\u00fcsselkompetenz. Alle Zuh\u00f6rer sind selbstverst\u00e4ndlich eingeladen, an der Diskussion aktiv teilzunehmen.<br>Wir m\u00f6chten alle Nachwuchswissenschaftlerinnen und Nachwuchswissenschaftler herzlich einladen, am EZS-Kolloquium teilzunehmen. Das EZS-Kolloquium findet digital statt. Bei Interesse an einem Vortrag oder der Teilnahme melden Sie sich bitte bei Dr. Janine Luth in der Gesch\u00e4ftsstelle des EZS. Im Sommersemester 2026 beginnt das EZS-Kolloquium am 16. April 2026 um 12.15 Uhr. Eine \u00dcbersicht der Einzeltermine wird hier ver\u00f6ffentlicht:&nbsp;<br><\/p>\n\n\n\n<p><strong>21.5.2026<\/strong>\u00a0\u00a0\u00a0\u00a0\u00a0<br \/>Nikolina Kobas (Germanistisches Seminar Heidelberg)<br \/><em>tba<\/em><strong><br \/><br \/>18.6.2026<\/strong> \u00a0\u00a0\u00a0\u00a0<br \/>Edin Alkaz (Germanistisches Seminar Sarajevo)<br \/><em>Die Fokuspartikeln \u201eauch, nur, noch, schon\u201c im Deutschen in der gesprochenen und geschriebenen Sprache<\/em>. <em>Eine linguistische Analyse der ausgew\u00e4hlten deutschen Fokuspartikeln anhand der IDS-Datenbank f\u00fcr Gesprochenes Deutsch<\/em> <em>sowie der COSMAS 2-Datenbank f\u00fcr geschriebene Sprache<br \/><br \/><\/em>Termin\u00fcbersicht aus dem<a href=\"http:\/\/ezs-online.de\/kadence-testvers\/wp-content\/uploads\/2026\/04\/Programm-EZSKolloquium-Wintersemester-2025.pdf\"> Wintersemester 2025\/26<\/a><\/p>\n\n\n\n<p>&nbsp;<\/p>\n<p>&nbsp;<\/p>\n\n\n\n\n\n\n\n\n\n\n\n<p><\/p>\n\n\n\n<pre class=\"wp-block-preformatted\">&nbsp;<\/pre>\n","protected":false},"excerpt":{"rendered":"<p>EZS-Kolloquium &nbsp; &nbsp; Das EZS-Kolloquium steht allen Nachwuchswissenschaftlerinnen und Nachwuchswissenschaftlern offen, die an einem Austausch mit Experten verschiedener Sprachen interessiert sind. Das Kolloquium will den meist auf eine Philologie gerichteten Forschungskontext um den Horizont weiterer linguistischer Teilf\u00e4cher erweitern. In erster Linie soll damit den Doktorandinnen und Doktoranden eine Plattform des Austausches geboten werden. Selbstverst\u00e4ndlich sind&#8230;<\/p>\n","protected":false},"author":1,"featured_media":0,"parent":55,"menu_order":1,"comment_status":"closed","ping_status":"closed","template":"","meta":{"_kad_post_transparent":"","_kad_post_title":"","_kad_post_layout":"","_kad_post_sidebar_id":"","_kad_post_content_style":"","_kad_post_vertical_padding":"","_kad_post_feature":"","_kad_post_feature_position":"","_kad_post_header":false,"_kad_post_footer":false,"_kad_post_classname":"","footnotes":""},"class_list":["post-534","page","type-page","status-publish","hentry"],"_links":{"self":[{"href":"http:\/\/ezs-online.de\/kadence-testvers\/index.php?rest_route=\/wp\/v2\/pages\/534","targetHints":{"allow":["GET"]}}],"collection":[{"href":"http:\/\/ezs-online.de\/kadence-testvers\/index.php?rest_route=\/wp\/v2\/pages"}],"about":[{"href":"http:\/\/ezs-online.de\/kadence-testvers\/index.php?rest_route=\/wp\/v2\/types\/page"}],"author":[{"embeddable":true,"href":"http:\/\/ezs-online.de\/kadence-testvers\/index.php?rest_route=\/wp\/v2\/users\/1"}],"replies":[{"embeddable":true,"href":"http:\/\/ezs-online.de\/kadence-testvers\/index.php?rest_route=%2Fwp%2Fv2%2Fcomments&post=534"}],"version-history":[{"count":73,"href":"http:\/\/ezs-online.de\/kadence-testvers\/index.php?rest_route=\/wp\/v2\/pages\/534\/revisions"}],"predecessor-version":[{"id":2931,"href":"http:\/\/ezs-online.de\/kadence-testvers\/index.php?rest_route=\/wp\/v2\/pages\/534\/revisions\/2931"}],"up":[{"embeddable":true,"href":"http:\/\/ezs-online.de\/kadence-testvers\/index.php?rest_route=\/wp\/v2\/pages\/55"}],"wp:attachment":[{"href":"http:\/\/ezs-online.de\/kadence-testvers\/index.php?rest_route=%2Fwp%2Fv2%2Fmedia&parent=534"}],"curies":[{"name":"wp","href":"https:\/\/api.w.org\/{rel}","templated":true}]}}