{"id":2710,"date":"2025-07-02T11:57:18","date_gmt":"2025-07-02T09:57:18","guid":{"rendered":"http:\/\/ezs-online.de\/kadence-testvers\/?page_id=2710"},"modified":"2025-07-03T15:33:54","modified_gmt":"2025-07-03T13:33:54","slug":"bisherige-projekte","status":"publish","type":"page","link":"http:\/\/ezs-online.de\/kadence-testvers\/?page_id=2710&lang=de","title":{"rendered":"Bisherige Projekte"},"content":{"rendered":"\n<h2 class=\"wp-block-heading has-text-align-center has-xxlarge-font-size\">Bisherige Projekte<\/h2>\n\n\n<style>.wp-block-kadence-advancedheading.kt-adv-heading2710_3071c0-93, .wp-block-kadence-advancedheading.kt-adv-heading2710_3071c0-93[data-kb-block=\"kb-adv-heading2710_3071c0-93\"]{text-align:center;font-size:var(--global-kb-font-size-md, 1.25rem);font-style:normal;}.wp-block-kadence-advancedheading.kt-adv-heading2710_3071c0-93 mark.kt-highlight, .wp-block-kadence-advancedheading.kt-adv-heading2710_3071c0-93[data-kb-block=\"kb-adv-heading2710_3071c0-93\"] mark.kt-highlight{font-style:normal;color:#f76a0c;-webkit-box-decoration-break:clone;box-decoration-break:clone;padding-top:0px;padding-right:0px;padding-bottom:0px;padding-left:0px;}<\/style>\n<h2 class=\"kt-adv-heading2710_3071c0-93 wp-block-kadence-advancedheading\" data-kb-block=\"kb-adv-heading2710_3071c0-93\">Hier m\u00f6chten wir Ihnen eine \u00dcbersicht \u00fcber unsere bisherigen Projekte <\/h2>\n\n\n<style>.wp-block-kadence-advancedheading.kt-adv-heading2710_3e3d0f-dd, .wp-block-kadence-advancedheading.kt-adv-heading2710_3e3d0f-dd[data-kb-block=\"kb-adv-heading2710_3e3d0f-dd\"]{text-align:center;font-size:var(--global-kb-font-size-md, 1.25rem);font-style:normal;}.wp-block-kadence-advancedheading.kt-adv-heading2710_3e3d0f-dd mark.kt-highlight, .wp-block-kadence-advancedheading.kt-adv-heading2710_3e3d0f-dd[data-kb-block=\"kb-adv-heading2710_3e3d0f-dd\"] mark.kt-highlight{font-style:normal;color:#f76a0c;-webkit-box-decoration-break:clone;box-decoration-break:clone;padding-top:0px;padding-right:0px;padding-bottom:0px;padding-left:0px;}<\/style>\n<h2 class=\"kt-adv-heading2710_3e3d0f-dd wp-block-kadence-advancedheading\" data-kb-block=\"kb-adv-heading2710_3e3d0f-dd\">und Kooperationen geben. <\/h2>\n\n\n<style>.kb-row-layout-id2710_2bfabb-3c > .kt-row-column-wrap{align-content:start;}:where(.kb-row-layout-id2710_2bfabb-3c > .kt-row-column-wrap) > .wp-block-kadence-column{justify-content:start;}.kb-row-layout-id2710_2bfabb-3c > .kt-row-column-wrap{column-gap:var(--global-kb-gap-md, 2rem);row-gap:var(--global-kb-gap-lg, 4rem);max-width:var( --global-content-width, 1290px );padding-left:var(--global-content-edge-padding);padding-right:var(--global-content-edge-padding);padding-top:var(--global-kb-spacing-xl, 4rem);padding-bottom:var(--global-kb-spacing-xl, 4rem);grid-template-columns:minmax(0, 1fr);}.kb-row-layout-id2710_2bfabb-3c > .kt-row-layout-overlay{opacity:0.30;}@media all and (max-width: 1024px){.kb-row-layout-id2710_2bfabb-3c > .kt-row-column-wrap{grid-template-columns:minmax(0, 1fr);}}@media all and (max-width: 767px){.kb-row-layout-id2710_2bfabb-3c > .kt-row-column-wrap{grid-template-columns:minmax(0, 1fr);}}<\/style><div class=\"kb-row-layout-wrap kb-row-layout-id2710_2bfabb-3c alignfull has-theme-palette9-background-color kt-row-has-bg wp-block-kadence-rowlayout\"><div class=\"kt-row-column-wrap kt-has-2-columns kt-row-layout-row kt-tab-layout-inherit kt-mobile-layout-row kt-row-valign-top kb-theme-content-width\">\n<style>.kadence-column2710_1a49b3-fe > .kt-inside-inner-col,.kadence-column2710_1a49b3-fe > .kt-inside-inner-col:before{border-top-left-radius:0px;border-top-right-radius:0px;border-bottom-right-radius:0px;border-bottom-left-radius:0px;}.kadence-column2710_1a49b3-fe > .kt-inside-inner-col{column-gap:var(--global-kb-gap-sm, 1rem);}.kadence-column2710_1a49b3-fe > .kt-inside-inner-col{flex-direction:column;}.kadence-column2710_1a49b3-fe > .kt-inside-inner-col > .aligncenter{width:100%;}.kadence-column2710_1a49b3-fe > .kt-inside-inner-col:before{opacity:0.3;}.kadence-column2710_1a49b3-fe{position:relative;}@media all and (max-width: 1024px){.kadence-column2710_1a49b3-fe > .kt-inside-inner-col{flex-direction:column;}}@media all and (max-width: 767px){.kadence-column2710_1a49b3-fe > .kt-inside-inner-col{flex-direction:column;}}<\/style>\n<div class=\"wp-block-kadence-column kadence-column2710_1a49b3-fe\"><div class=\"kt-inside-inner-col\"><style>.kb-row-layout-id2710_724b4c-fd > .kt-row-column-wrap{align-content:start;}:where(.kb-row-layout-id2710_724b4c-fd > .kt-row-column-wrap) > .wp-block-kadence-column{justify-content:start;}.kb-row-layout-id2710_724b4c-fd > .kt-row-column-wrap{column-gap:var(--global-kb-gap-lg, 4rem);row-gap:var(--global-kb-gap-md, 2rem);max-width:var( --global-content-width, 1290px );padding-left:var(--global-content-edge-padding);padding-right:var(--global-content-edge-padding);padding-right:0px;padding-left:0px;min-height:572px;grid-template-columns:repeat(2, minmax(0, 1fr));}.kb-row-layout-id2710_724b4c-fd > .kt-row-layout-overlay{opacity:0.30;}@media all and (max-width: 1024px){.kb-row-layout-id2710_724b4c-fd > .kt-row-column-wrap{grid-template-columns:minmax(0, 1fr);}}@media all and (max-width: 767px){.kb-row-layout-id2710_724b4c-fd > .kt-row-column-wrap{grid-template-columns:minmax(0, 1fr);}}<\/style><div class=\"kb-row-layout-wrap kb-row-layout-id2710_724b4c-fd alignnone wp-block-kadence-rowlayout\"><div class=\"kt-row-column-wrap kt-has-2-columns kt-row-layout-equal kt-tab-layout-row kt-mobile-layout-row kt-row-valign-top kt-inner-column-height-full kb-theme-content-width\">\n<style>.kadence-column2710_1e29c7-82 > .kt-inside-inner-col{display:flex;}.kadence-column2710_1e29c7-82 > .kt-inside-inner-col,.kadence-column2710_1e29c7-82 > .kt-inside-inner-col:before{border-top-left-radius:24px;border-top-right-radius:24px;border-bottom-right-radius:24px;border-bottom-left-radius:24px;}.kadence-column2710_1e29c7-82 > .kt-inside-inner-col{column-gap:var(--global-kb-gap-sm, 1rem);}.kadence-column2710_1e29c7-82 > .kt-inside-inner-col{flex-direction:column;justify-content:center;}.kadence-column2710_1e29c7-82 > .kt-inside-inner-col > .aligncenter{width:100%;}.kt-row-column-wrap > .kadence-column2710_1e29c7-82{align-self:center;}.kt-inner-column-height-full:not(.kt-has-1-columns) > .wp-block-kadence-column.kadence-column2710_1e29c7-82{align-self:auto;}.kt-inner-column-height-full:not(.kt-has-1-columns) > .wp-block-kadence-column.kadence-column2710_1e29c7-82 > .kt-inside-inner-col{flex-direction:column;justify-content:center;}.kadence-column2710_1e29c7-82 > .kt-inside-inner-col{background-image:url('http:\/\/ezs-online.de\/kadence-testvers\/wp-content\/uploads\/2024\/08\/fittosize_490_423_b2e682c0ea0331e7f0c949fd952fc80f_strona_1_2_neu.jpg');background-size:cover;background-position:center center;background-attachment:scroll;background-repeat:no-repeat;}.kadence-column2710_1e29c7-82 > .kt-inside-inner-col:before{opacity:0.3;}.kadence-column2710_1e29c7-82{position:relative;}@media all and (max-width: 1024px){.kt-row-column-wrap > .kadence-column2710_1e29c7-82{align-self:center;}}@media all and (max-width: 1024px){.kt-inner-column-height-full:not(.kt-has-1-columns) > .wp-block-kadence-column.kadence-column2710_1e29c7-82{align-self:auto;}}@media all and (max-width: 1024px){.kt-inner-column-height-full:not(.kt-has-1-columns) > .wp-block-kadence-column.kadence-column2710_1e29c7-82 > .kt-inside-inner-col{flex-direction:column;justify-content:center;}}@media all and (max-width: 1024px){.kadence-column2710_1e29c7-82 > .kt-inside-inner-col{flex-direction:column;}}@media all and (max-width: 767px){.kt-row-column-wrap > .kadence-column2710_1e29c7-82{align-self:center;}.kt-inner-column-height-full:not(.kt-has-1-columns) > .wp-block-kadence-column.kadence-column2710_1e29c7-82{align-self:auto;}.kt-inner-column-height-full:not(.kt-has-1-columns) > .wp-block-kadence-column.kadence-column2710_1e29c7-82 > .kt-inside-inner-col{flex-direction:column;justify-content:center;}.kadence-column2710_1e29c7-82 > .kt-inside-inner-col{flex-direction:column;}}<\/style>\n<div class=\"wp-block-kadence-column kadence-column2710_1e29c7-82 kb-section-dir-vertical kb-section-md-dir-vertical\"><div class=\"kt-inside-inner-col\"><style>.wp-block-kadence-spacer.kt-block-spacer-2710_601c54-2b .kt-block-spacer{height:400px;}.wp-block-kadence-spacer.kt-block-spacer-2710_601c54-2b .kt-divider{border-top-width:1px;height:1px;border-top-color:#eee;width:80%;border-top-style:solid;}<\/style>\n<div class=\"wp-block-kadence-spacer aligncenter kt-block-spacer-2710_601c54-2b kvs-lg-false\"><div class=\"kt-block-spacer kt-block-spacer-halign-center\"><\/div><\/div>\n<\/div><\/div>\n\n\n<style>.kadence-column2710_86eab5-7c > .kt-inside-inner-col{display:flex;}.kadence-column2710_86eab5-7c > .kt-inside-inner-col,.kadence-column2710_86eab5-7c > .kt-inside-inner-col:before{border-top-left-radius:0px;border-top-right-radius:0px;border-bottom-right-radius:0px;border-bottom-left-radius:0px;}.kadence-column2710_86eab5-7c > .kt-inside-inner-col{column-gap:var(--global-kb-gap-sm, 1rem);}.kadence-column2710_86eab5-7c > .kt-inside-inner-col{flex-direction:column;justify-content:center;}.kadence-column2710_86eab5-7c > .kt-inside-inner-col > .aligncenter{width:100%;}.kt-row-column-wrap > .kadence-column2710_86eab5-7c{align-self:center;}.kt-inner-column-height-full:not(.kt-has-1-columns) > .wp-block-kadence-column.kadence-column2710_86eab5-7c{align-self:auto;}.kt-inner-column-height-full:not(.kt-has-1-columns) > .wp-block-kadence-column.kadence-column2710_86eab5-7c > .kt-inside-inner-col{flex-direction:column;justify-content:center;}.kadence-column2710_86eab5-7c > .kt-inside-inner-col:before{opacity:0.3;}.kadence-column2710_86eab5-7c{position:relative;}@media all and (max-width: 1024px){.kt-row-column-wrap > .kadence-column2710_86eab5-7c{align-self:center;}}@media all and (max-width: 1024px){.kt-inner-column-height-full:not(.kt-has-1-columns) > .wp-block-kadence-column.kadence-column2710_86eab5-7c{align-self:auto;}}@media all and (max-width: 1024px){.kt-inner-column-height-full:not(.kt-has-1-columns) > .wp-block-kadence-column.kadence-column2710_86eab5-7c > .kt-inside-inner-col{flex-direction:column;justify-content:center;}}@media all and (max-width: 1024px){.kadence-column2710_86eab5-7c{text-align:center;}}@media all and (max-width: 1024px){.kadence-column2710_86eab5-7c > .kt-inside-inner-col{flex-direction:column;}}@media all and (max-width: 767px){.kt-row-column-wrap > .kadence-column2710_86eab5-7c{align-self:center;}.kt-inner-column-height-full:not(.kt-has-1-columns) > .wp-block-kadence-column.kadence-column2710_86eab5-7c{align-self:auto;}.kt-inner-column-height-full:not(.kt-has-1-columns) > .wp-block-kadence-column.kadence-column2710_86eab5-7c > .kt-inside-inner-col{flex-direction:column;justify-content:center;}.kadence-column2710_86eab5-7c > .kt-inside-inner-col{flex-direction:column;}}<\/style>\n<div class=\"wp-block-kadence-column kadence-column2710_86eab5-7c kb-section-dir-vertical kb-section-md-dir-vertical\"><div class=\"kt-inside-inner-col\"><style>.wp-block-kadence-advancedheading.kt-adv-heading2710_ccaeef-49, .wp-block-kadence-advancedheading.kt-adv-heading2710_ccaeef-49[data-kb-block=\"kb-adv-heading2710_ccaeef-49\"]{margin-top:0px;margin-bottom:var(--global-kb-spacing-sm, 1.5rem);font-size:var(--global-kb-font-size-lg, 2rem);line-height:1.3;font-style:normal;}.wp-block-kadence-advancedheading.kt-adv-heading2710_ccaeef-49 mark.kt-highlight, .wp-block-kadence-advancedheading.kt-adv-heading2710_ccaeef-49[data-kb-block=\"kb-adv-heading2710_ccaeef-49\"] mark.kt-highlight{font-style:normal;color:#f76a0c;-webkit-box-decoration-break:clone;box-decoration-break:clone;padding-top:0px;padding-right:0px;padding-bottom:0px;padding-left:0px;}@media all and (max-width: 767px){.wp-block-kadence-advancedheading.kt-adv-heading2710_ccaeef-49, .wp-block-kadence-advancedheading.kt-adv-heading2710_ccaeef-49[data-kb-block=\"kb-adv-heading2710_ccaeef-49\"]{font-size:42px;}}<\/style>\n<h2 class=\"kt-adv-heading2710_ccaeef-49 wp-block-kadence-advancedheading has-theme-palette-3-color has-text-color\" data-kb-block=\"kb-adv-heading2710_ccaeef-49\">Das Projekt \u201eSebald Heydens Formulae Puerilium Colloquiorum&#8220;<\/h2>\n\n\n<style>.wp-block-kadence-advancedheading.kt-adv-heading2710_6c237d-c6, .wp-block-kadence-advancedheading.kt-adv-heading2710_6c237d-c6[data-kb-block=\"kb-adv-heading2710_6c237d-c6\"]{margin-top:var(--global-kb-spacing-sm, 1.5rem);margin-bottom:0px;font-size:var(--global-kb-font-size-md, 1.25rem);line-height:1.8;font-style:normal;}.wp-block-kadence-advancedheading.kt-adv-heading2710_6c237d-c6 mark.kt-highlight, .wp-block-kadence-advancedheading.kt-adv-heading2710_6c237d-c6[data-kb-block=\"kb-adv-heading2710_6c237d-c6\"] mark.kt-highlight{font-style:normal;color:#f76a0c;-webkit-box-decoration-break:clone;box-decoration-break:clone;padding-top:0px;padding-right:0px;padding-bottom:0px;padding-left:0px;}<\/style>\n<p class=\"kt-adv-heading2710_6c237d-c6 wp-block-kadence-advancedheading has-theme-palette-3-color has-text-color\" data-kb-block=\"kb-adv-heading2710_6c237d-c6\"> Zur Geschichte eines fr\u00fchneuzeitlichen Gespr\u00e4chsbuch\u201c wurde gemeinsam mit der Herzog August Bibliothek Wolfenb\u00fcttel als&nbsp;<a href=\"http:\/\/diglib.hab.de\/wdb.php?dir=edoc\/ed000267&amp;distype=start&amp;pvID=start\">Online-Publikation<\/a>&nbsp;realisiert.<br>Gegenstand des Projektes ist ein Lehrbuch mit Sch\u00fclergespr\u00e4chen aus der Reformationszeit, das bis zum Ende des 18. Jahrhunderts weit \u00fcber den deutschen Sprachraum hinaus verbreitet war und dessen intensive Nutzung durch zahlreiche Neudrucke belegt ist.<\/p>\n<\/div><\/div>\n\n<\/div><\/div><\/div><\/div>\n\n\n<style>.kadence-column2710_54a9db-74 > .kt-inside-inner-col,.kadence-column2710_54a9db-74 > .kt-inside-inner-col:before{border-top-left-radius:0px;border-top-right-radius:0px;border-bottom-right-radius:0px;border-bottom-left-radius:0px;}.kadence-column2710_54a9db-74 > .kt-inside-inner-col{column-gap:var(--global-kb-gap-sm, 1rem);}.kadence-column2710_54a9db-74 > .kt-inside-inner-col{flex-direction:column;}.kadence-column2710_54a9db-74 > .kt-inside-inner-col > .aligncenter{width:100%;}.kadence-column2710_54a9db-74 > .kt-inside-inner-col:before{opacity:0.3;}.kadence-column2710_54a9db-74{position:relative;}@media all and (max-width: 1024px){.kadence-column2710_54a9db-74 > .kt-inside-inner-col{flex-direction:column;}}@media all and (max-width: 767px){.kadence-column2710_54a9db-74 > .kt-inside-inner-col{flex-direction:column;}}<\/style>\n<div class=\"wp-block-kadence-column kadence-column2710_54a9db-74\"><div class=\"kt-inside-inner-col\"><\/div><\/div>\n\n<\/div><\/div>\n\n\n\n","protected":false},"excerpt":{"rendered":"<p>Bisherige Projekte Hier m\u00f6chten wir Ihnen eine \u00dcbersicht \u00fcber unsere bisherigen Projekte und Kooperationen geben. Das Projekt \u201eSebald Heydens Formulae Puerilium Colloquiorum&#8220; Zur Geschichte eines fr\u00fchneuzeitlichen Gespr\u00e4chsbuch\u201c wurde gemeinsam mit der Herzog August Bibliothek Wolfenb\u00fcttel als&nbsp;Online-Publikation&nbsp;realisiert.Gegenstand des Projektes ist ein Lehrbuch mit Sch\u00fclergespr\u00e4chen aus der Reformationszeit, das bis zum Ende des 18. Jahrhunderts weit \u00fcber&#8230;<\/p>\n","protected":false},"author":1,"featured_media":0,"parent":39,"menu_order":0,"comment_status":"closed","ping_status":"closed","template":"","meta":{"_kad_post_transparent":"","_kad_post_title":"","_kad_post_layout":"","_kad_post_sidebar_id":"","_kad_post_content_style":"","_kad_post_vertical_padding":"","_kad_post_feature":"","_kad_post_feature_position":"","_kad_post_header":false,"_kad_post_footer":false,"_kad_post_classname":"","footnotes":""},"class_list":["post-2710","page","type-page","status-publish","hentry"],"_links":{"self":[{"href":"http:\/\/ezs-online.de\/kadence-testvers\/index.php?rest_route=\/wp\/v2\/pages\/2710","targetHints":{"allow":["GET"]}}],"collection":[{"href":"http:\/\/ezs-online.de\/kadence-testvers\/index.php?rest_route=\/wp\/v2\/pages"}],"about":[{"href":"http:\/\/ezs-online.de\/kadence-testvers\/index.php?rest_route=\/wp\/v2\/types\/page"}],"author":[{"embeddable":true,"href":"http:\/\/ezs-online.de\/kadence-testvers\/index.php?rest_route=\/wp\/v2\/users\/1"}],"replies":[{"embeddable":true,"href":"http:\/\/ezs-online.de\/kadence-testvers\/index.php?rest_route=%2Fwp%2Fv2%2Fcomments&post=2710"}],"version-history":[{"count":6,"href":"http:\/\/ezs-online.de\/kadence-testvers\/index.php?rest_route=\/wp\/v2\/pages\/2710\/revisions"}],"predecessor-version":[{"id":2731,"href":"http:\/\/ezs-online.de\/kadence-testvers\/index.php?rest_route=\/wp\/v2\/pages\/2710\/revisions\/2731"}],"up":[{"embeddable":true,"href":"http:\/\/ezs-online.de\/kadence-testvers\/index.php?rest_route=\/wp\/v2\/pages\/39"}],"wp:attachment":[{"href":"http:\/\/ezs-online.de\/kadence-testvers\/index.php?rest_route=%2Fwp%2Fv2%2Fmedia&parent=2710"}],"curies":[{"name":"wp","href":"https:\/\/api.w.org\/{rel}","templated":true}]}}