{"id":2452,"date":"2024-10-28T12:49:24","date_gmt":"2024-10-28T11:49:24","guid":{"rendered":"http:\/\/ezs-online.de\/kadence-testvers\/?page_id=2452"},"modified":"2024-11-21T11:15:06","modified_gmt":"2024-11-21T10:15:06","slug":"kontakt","status":"publish","type":"page","link":"http:\/\/ezs-online.de\/kadence-testvers\/?page_id=2452&lang=de","title":{"rendered":"Kontakt"},"content":{"rendered":"\n<p>Gerne k\u00f6nnen Sie uns jederzeit \u00fcber das folgende Kontaktformular kontaktieren. Wir werden uns dann so schnell wie m\u00f6glich bei Ihnen melden.&nbsp;<\/p>\n<p>&nbsp;<\/p>\n\n\n<style>.kb-row-layout-id2452_d920e5-c2 > .kt-row-column-wrap{align-content:start;}:where(.kb-row-layout-id2452_d920e5-c2 > .kt-row-column-wrap) > .wp-block-kadence-column{justify-content:start;}.kb-row-layout-id2452_d920e5-c2 > .kt-row-column-wrap{column-gap:var(--global-kb-gap-none, 0rem );row-gap:var(--global-kb-gap-md, 2rem);max-width:600px;margin-left:auto;margin-right:auto;padding-top:var(--global-kb-spacing-xl, 4rem);padding-bottom:var(--global-kb-spacing-xxl, 5rem);grid-template-columns:minmax(0, 1fr);}.kb-row-layout-id2452_d920e5-c2 > .kt-row-layout-overlay{opacity:0.30;}@media all and (max-width: 1024px){.kb-row-layout-id2452_d920e5-c2 > .kt-row-column-wrap{row-gap:var(--global-kb-gap-sm, 1rem);grid-template-columns:minmax(0, 1fr);}}@media all and (max-width: 767px){.kb-row-layout-id2452_d920e5-c2 > .kt-row-column-wrap{row-gap:var(--global-kb-gap-sm, 1rem);grid-template-columns:minmax(0, 1fr);}}<\/style><div class=\"kb-row-layout-wrap kb-row-layout-id2452_d920e5-c2 alignfull has-theme-palette9-background-color kt-row-has-bg wp-block-kadence-rowlayout\"><div class=\"kt-row-column-wrap kt-has-2-columns kt-row-layout-row kt-tab-layout-row kt-mobile-layout-row kt-row-valign-top\">\n<style>.kadence-column2452_838cd3-17 > .kt-inside-inner-col,.kadence-column2452_838cd3-17 > .kt-inside-inner-col:before{border-top-left-radius:0px;border-top-right-radius:0px;border-bottom-right-radius:0px;border-bottom-left-radius:0px;}.kadence-column2452_838cd3-17 > .kt-inside-inner-col{column-gap:var(--global-kb-gap-sm, 1rem);}.kadence-column2452_838cd3-17 > .kt-inside-inner-col{flex-direction:column;}.kadence-column2452_838cd3-17 > .kt-inside-inner-col > .aligncenter{width:100%;}.kadence-column2452_838cd3-17 > .kt-inside-inner-col:before{opacity:0.3;}.kadence-column2452_838cd3-17{position:relative;}@media all and (max-width: 1024px){.kadence-column2452_838cd3-17 > .kt-inside-inner-col{flex-direction:column;}}@media all and (max-width: 767px){.kadence-column2452_838cd3-17 > .kt-inside-inner-col{flex-direction:column;}}<\/style>\n<div class=\"wp-block-kadence-column kadence-column2452_838cd3-17 inner-column-2\"><div class=\"kt-inside-inner-col\"><style>.kadence-form-2452_0cac72-f4 .kb-form .kadence-blocks-form-field .kb-text-style-field, .kadence-form-2452_0cac72-f4 .kb-form .kadence-blocks-form-field .kb-select-style-field{color:var(--global-palette4, #2D3748);background:var(--global-palette9, #ffffff);border-color:var(--global-palette6, #718096);}.kadence-form-2452_0cac72-f4 .kb-form .kadence-blocks-form-field > label{color:var(--global-palette3, #1A202C);}.kb-form input.kadence-blocks-field.verify{opacity:0.0;position:absolute;top:0.0;left:0.0;width:0.0;height:0.0;z-index:-1;}<\/style>\n<div class=\"wp-block-kadence-form kadence-form-2452_0cac72-f4 kb-form-wrap\"><form class=\"kb-form\" action=\"\" method=\"post\"><div class=\"kadence-blocks-form-field kb-field-desk-width-100 kb-input-size-standard\"><label for=\"kb_field_2452_0cac72-f4_0\">Vollst\u00e4ndiger Name<span class=\"required\">*<\/span><\/label><input name=\"kb_field_0\" id=\"kb_field_2452_0cac72-f4_0\" data-label=\"Vollst\u00e4ndiger Name\" type=\"text\" placeholder=\"\" value=\"\" data-type=\"text\" class=\"kb-field kb-text-style-field kb-text-field kb-field-0\" data-required=\"yes\"\/><\/div><div class=\"kadence-blocks-form-field kb-form-field-1 kb-field-desk-width-100 kb-input-size-standard\"><label for=\"kb_field_2452_0cac72-f4_1\">Email<span class=\"required\">*<\/span><\/label><input name=\"kb_field_1\" id=\"kb_field_2452_0cac72-f4_1\" data-label=\"Email\" type=\"email\" placeholder=\"\" value=\"\" data-type=\"email\" class=\"kb-field kb-text-style-field kb-email-field kb-field-1\" data-required=\"yes\"\/><\/div><div class=\"kadence-blocks-form-field kb-form-field-2 kb-field-desk-width-100 kb-input-size-standard\"><label for=\"kb_field_2452_0cac72-f4_2\">Nachricht<span class=\"required\">*<\/span><\/label><textarea name=\"kb_field_2\" id=\"kb_field_2452_0cac72-f4_2\" data-label=\"Nachricht\" type=\"textarea\" placeholder=\"\" data-type=\"textarea\" class=\"kb-field kb-text-style-field kb-textarea-field kb-field-2\" rows=\"4\" data-required=\"yes\"><\/textarea><\/div><input type=\"hidden\" name=\"_kb_form_id\" value=\"2452_0cac72-f4\"\/><input type=\"hidden\" name=\"_kb_form_post_id\" value=\"2452\"\/><input type=\"hidden\" name=\"action\" value=\"kb_process_ajax_submit\"\/><input class=\"kadence-blocks-field verify\" type=\"text\" name=\"_kb_verify_email\" autocomplete=\"new-password\" aria-hidden=\"true\" placeholder=\"Email\" tabindex=\"-1\" data-1p-ignore=\"true\" data-lpignore=\"true\" \/><div class=\"kadence-blocks-form-field kb-submit-field kb-field-desk-width-100\"><button class=\"kb-forms-submit button kb-button-size-standard kb-button-width-auto\">Abschicken<\/button><\/div><\/form><\/div>\n<noscript><div class=\"kadence-blocks-form-message kadence-blocks-form-warning\">Bitte aktiviere JavaScript in deinem Browser, um dieses Formular fertigzustellen.<\/div><style>.kadence-form-2452_0cac72-f4 .kadence-blocks-form-field.kb-submit-field { display: none; }<\/style><\/noscript><\/div><\/div>\n\n\n<style>.kadence-column2452_370592-61 > .kt-inside-inner-col,.kadence-column2452_370592-61 > .kt-inside-inner-col:before{border-top-left-radius:0px;border-top-right-radius:0px;border-bottom-right-radius:0px;border-bottom-left-radius:0px;}.kadence-column2452_370592-61 > .kt-inside-inner-col{column-gap:var(--global-kb-gap-sm, 1rem);}.kadence-column2452_370592-61 > .kt-inside-inner-col{flex-direction:column;}.kadence-column2452_370592-61 > .kt-inside-inner-col > .aligncenter{width:100%;}.kadence-column2452_370592-61 > .kt-inside-inner-col:before{opacity:0.3;}.kadence-column2452_370592-61{position:relative;}@media all and (max-width: 1024px){.kadence-column2452_370592-61 > .kt-inside-inner-col{flex-direction:column;}}@media all and (max-width: 767px){.kadence-column2452_370592-61 > .kt-inside-inner-col{flex-direction:column;}}<\/style>\n<div class=\"wp-block-kadence-column kadence-column2452_370592-61\"><div class=\"kt-inside-inner-col\"><\/div><\/div>\n\n<\/div><\/div>\n\n","protected":false},"excerpt":{"rendered":"<p>Gerne k\u00f6nnen Sie uns jederzeit \u00fcber das folgende Kontaktformular kontaktieren. Wir werden uns dann so schnell wie m\u00f6glich bei Ihnen melden.&nbsp; &nbsp;<\/p>\n","protected":false},"author":1,"featured_media":0,"parent":0,"menu_order":0,"comment_status":"closed","ping_status":"closed","template":"","meta":{"_kad_post_transparent":"","_kad_post_title":"","_kad_post_layout":"","_kad_post_sidebar_id":"","_kad_post_content_style":"","_kad_post_vertical_padding":"","_kad_post_feature":"","_kad_post_feature_position":"","_kad_post_header":false,"_kad_post_footer":false,"_kad_post_classname":"","footnotes":""},"class_list":["post-2452","page","type-page","status-publish","hentry"],"_links":{"self":[{"href":"http:\/\/ezs-online.de\/kadence-testvers\/index.php?rest_route=\/wp\/v2\/pages\/2452","targetHints":{"allow":["GET"]}}],"collection":[{"href":"http:\/\/ezs-online.de\/kadence-testvers\/index.php?rest_route=\/wp\/v2\/pages"}],"about":[{"href":"http:\/\/ezs-online.de\/kadence-testvers\/index.php?rest_route=\/wp\/v2\/types\/page"}],"author":[{"embeddable":true,"href":"http:\/\/ezs-online.de\/kadence-testvers\/index.php?rest_route=\/wp\/v2\/users\/1"}],"replies":[{"embeddable":true,"href":"http:\/\/ezs-online.de\/kadence-testvers\/index.php?rest_route=%2Fwp%2Fv2%2Fcomments&post=2452"}],"version-history":[{"count":4,"href":"http:\/\/ezs-online.de\/kadence-testvers\/index.php?rest_route=\/wp\/v2\/pages\/2452\/revisions"}],"predecessor-version":[{"id":2860,"href":"http:\/\/ezs-online.de\/kadence-testvers\/index.php?rest_route=\/wp\/v2\/pages\/2452\/revisions\/2860"}],"wp:attachment":[{"href":"http:\/\/ezs-online.de\/kadence-testvers\/index.php?rest_route=%2Fwp%2Fv2%2Fmedia&parent=2452"}],"curies":[{"name":"wp","href":"https:\/\/api.w.org\/{rel}","templated":true}]}}