{"id":2422,"date":"2024-08-28T09:22:02","date_gmt":"2024-08-28T07:22:02","guid":{"rendered":"http:\/\/ezs-online.de\/kadence-testvers\/?page_id=2422"},"modified":"2025-03-11T12:02:18","modified_gmt":"2025-03-11T11:02:18","slug":"europaeische-diskursgemeinschaft-eudg","status":"publish","type":"page","link":"http:\/\/ezs-online.de\/kadence-testvers\/?page_id=2422&lang=de","title":{"rendered":"Europ\u00e4ische Diskursgemeinschaft (EuDG)"},"content":{"rendered":"\n\n<style>.kb-row-layout-id2422_1d947c-5e > .kt-row-column-wrap{align-content:center;}:where(.kb-row-layout-id2422_1d947c-5e > .kt-row-column-wrap) > .wp-block-kadence-column{justify-content:center;}.kb-row-layout-id2422_1d947c-5e > .kt-row-column-wrap{column-gap:var(--global-kb-gap-md, 2rem);row-gap:var(--global-kb-gap-md, 2rem);max-width:var( --global-content-width, 1290px );padding-left:var(--global-content-edge-padding);padding-right:var(--global-content-edge-padding);padding-top:var(--global-kb-spacing-xxl, 5rem);padding-bottom:var(--global-kb-spacing-xxl, 5rem);grid-template-columns:minmax(0, calc(50% - ((var(--global-kb-gap-md, 2rem) * 1 )\/2)))minmax(0, calc(50% - ((var(--global-kb-gap-md, 2rem) * 1 )\/2)));}.kb-row-layout-id2422_1d947c-5e{background-image:url('http:\/\/ezs-online.de\/kadence-testvers\/wp-content\/uploads\/2024\/08\/Logo-Neu-scaled.jpg');background-size:cover;background-position:75% 49%;background-attachment:scroll;background-repeat:no-repeat;}.kb-row-layout-id2422_1d947c-5e > .kt-row-layout-overlay{opacity:1;background:linear-gradient(90deg,var(--global-palette8,#F7FAFC) 41%,rgba(247,250,252,0) 100%);}@media all and (max-width: 1024px){.kb-row-layout-id2422_1d947c-5e > .kt-row-column-wrap{grid-template-columns:minmax(0, 1fr);}}@media all and (max-width: 1024px){.kb-row-layout-id2422_1d947c-5e > .kt-row-layout-overlay{opacity:1;background:linear-gradient(180deg,var(--global-palette8,#F7FAFC) 53%,rgba(247,250,252,0) 100%);}}@media all and (max-width: 767px){.kb-row-layout-id2422_1d947c-5e > .kt-row-column-wrap{grid-template-columns:minmax(0, 1fr);}}<\/style><div class=\"kb-row-layout-wrap kb-row-layout-id2422_1d947c-5e alignfull kt-row-has-bg wp-block-kadence-rowlayout\"><div class=\"kt-row-layout-overlay kt-row-overlay-gradient\"><\/div><div class=\"kt-row-column-wrap kt-has-2-columns kt-row-layout-equal kt-tab-layout-row kt-mobile-layout-row kt-row-valign-middle kb-theme-content-width\">\n<style>.kadence-column2422_795e57-7a > .kt-inside-inner-col,.kadence-column2422_795e57-7a > .kt-inside-inner-col:before{border-top-left-radius:0px;border-top-right-radius:0px;border-bottom-right-radius:0px;border-bottom-left-radius:0px;}.kadence-column2422_795e57-7a > .kt-inside-inner-col{column-gap:var(--global-kb-gap-sm, 1rem);}.kadence-column2422_795e57-7a > .kt-inside-inner-col{flex-direction:column;}.kadence-column2422_795e57-7a > .kt-inside-inner-col > .aligncenter{width:100%;}.kadence-column2422_795e57-7a > .kt-inside-inner-col:before{opacity:0.3;}.kadence-column2422_795e57-7a{position:relative;}@media all and (max-width: 1024px){.kadence-column2422_795e57-7a{text-align:center;}}@media all and (max-width: 1024px){.kadence-column2422_795e57-7a > .kt-inside-inner-col{flex-direction:column;}}@media all and (max-width: 767px){.kadence-column2422_795e57-7a > .kt-inside-inner-col{flex-direction:column;}}<\/style>\n<div class=\"wp-block-kadence-column kadence-column2422_795e57-7a kb-section-dir-vertical inner-column-1\"><div class=\"kt-inside-inner-col\"><style>.wp-block-kadence-advancedheading.kt-adv-heading2422_42200f-55, .wp-block-kadence-advancedheading.kt-adv-heading2422_42200f-55[data-kb-block=\"kb-adv-heading2422_42200f-55\"]{display:block;margin-bottom:var(--global-kb-spacing-xs, 1rem);font-style:normal;text-transform:uppercase;}.wp-block-kadence-advancedheading.kt-adv-heading2422_42200f-55 mark.kt-highlight, .wp-block-kadence-advancedheading.kt-adv-heading2422_42200f-55[data-kb-block=\"kb-adv-heading2422_42200f-55\"] mark.kt-highlight{font-style:normal;color:#f76a0c;-webkit-box-decoration-break:clone;box-decoration-break:clone;padding-top:0px;padding-right:0px;padding-bottom:0px;padding-left:0px;}<\/style>\n<span class=\"kt-adv-heading2422_42200f-55 wp-block-kadence-advancedheading has-theme-palette-1-color has-text-color\" data-kb-block=\"kb-adv-heading2422_42200f-55\">Forschungsprojekt<\/span>\n\n\n<style>.wp-block-kadence-advancedheading.kt-adv-heading2422_89651f-71, .wp-block-kadence-advancedheading.kt-adv-heading2422_89651f-71[data-kb-block=\"kb-adv-heading2422_89651f-71\"]{margin-top:0px;margin-bottom:var(--global-kb-spacing-lg, 3rem);font-size:var(--global-kb-font-size-xl, 3rem);line-height:1.2;font-style:normal;}.wp-block-kadence-advancedheading.kt-adv-heading2422_89651f-71 mark.kt-highlight, .wp-block-kadence-advancedheading.kt-adv-heading2422_89651f-71[data-kb-block=\"kb-adv-heading2422_89651f-71\"] mark.kt-highlight{font-style:normal;color:#f76a0c;-webkit-box-decoration-break:clone;box-decoration-break:clone;padding-top:0px;padding-right:0px;padding-bottom:0px;padding-left:0px;}@media all and (max-width: 1024px){.wp-block-kadence-advancedheading.kt-adv-heading2422_89651f-71, .wp-block-kadence-advancedheading.kt-adv-heading2422_89651f-71[data-kb-block=\"kb-adv-heading2422_89651f-71\"]{text-align:center!important;}}<\/style>\n<h1 class=\"kt-adv-heading2422_89651f-71 wp-block-kadence-advancedheading has-theme-palette-3-color has-text-color\" data-kb-block=\"kb-adv-heading2422_89651f-71\">Europ\u00e4ische Diskursgemeinschaft: Perspektivenfrieden und Perspektivenstreit<\/h1>\n<\/div><\/div>\n\n\n<style>.kadence-column2422_a2a857-33 > .kt-inside-inner-col,.kadence-column2422_a2a857-33 > .kt-inside-inner-col:before{border-top-left-radius:0px;border-top-right-radius:0px;border-bottom-right-radius:0px;border-bottom-left-radius:0px;}.kadence-column2422_a2a857-33 > .kt-inside-inner-col{column-gap:var(--global-kb-gap-sm, 1rem);}.kadence-column2422_a2a857-33 > .kt-inside-inner-col{flex-direction:column;}.kadence-column2422_a2a857-33 > .kt-inside-inner-col > .aligncenter{width:100%;}.kadence-column2422_a2a857-33 > .kt-inside-inner-col:before{opacity:0.3;}.kadence-column2422_a2a857-33{position:relative;}@media all and (max-width: 1024px){.kadence-column2422_a2a857-33 > .kt-inside-inner-col{flex-direction:column;}}@media all and (max-width: 767px){.kadence-column2422_a2a857-33 > .kt-inside-inner-col{flex-direction:column;}}<\/style>\n<div class=\"wp-block-kadence-column kadence-column2422_a2a857-33 kvs-md-false kvs-sm-false inner-column-2\"><div class=\"kt-inside-inner-col\"><\/div><\/div>\n\n<\/div><\/div>\n\n\n<p>Europa ist nicht nur eine politische und \u00f6konomische (Werte-)Gemeinschaft, sondern bildet auch einen gemeinsamen, diskursiven Raum, die Europ\u00e4ische Diskursgemeinschaft: Vor unterschiedlichen sprachlichen und kulturellen Hintergr\u00fcnden wird in verschiedenen L\u00e4ndern der EU ein breites Spektrum gesellschaftlich relevanter Fragen zur selben Zeit diskutiert (Europ\u00e4ische Integration, Migration, Gleichgewicht zwischen Sicherheit und B\u00fcrgerrechten, etc.). Unser Projekt basiert auf der Annahme, dass sich die B\u00fcrger Europas im diskursiven Umgang mit Fakten und Fachinhalten und insbesondere beim Transfer von Expertenwissen aus verschiedenen Bereichen in einer Diskursgemeinschaft bewegen \u2013 trotz der vordergr\u00fcndig einzelsprachlichen Kulturbindung. Es gibt bisher jedoch keine diesem Gegenstand ad\u00e4quate \u00fcbersprachliche und sprachvergleichende Diskurslinguistik.<\/p>\n<p>Im Projekt Europ\u00e4ische Diskursgemeinschaft: Perspektivenfrieden und Perspektivenstreit arbeiten wir an einer korpusbasierten, kontrastiven Methodologie, die qualitative und quantitative Verfahren kombiniert, als Grundlage f\u00fcr eine multilinguale und sprachvergleichende&nbsp;<strong>Diskurslinguistik<\/strong>. Ziel des Projektes ist es, eine sukzessiv erweiterbare, multilinguale Methodenplattform zur kontrastiven Untersuchung sprach\u00fcbergreifender Diskurse zu entwickeln und an einem spezifischen Diskurs zu testen. Damit sollen je sprachgebundene Sachverhaltsdarstellungen, Diskursperspektiven, Denkstile und Interpretationsroutinen transparent gemacht werden.<\/p>\n\n\n<style>.kb-row-layout-id2422_772117-6e > .kt-row-column-wrap{align-content:center;}:where(.kb-row-layout-id2422_772117-6e > .kt-row-column-wrap) > .wp-block-kadence-column{justify-content:center;}.kb-row-layout-id2422_772117-6e > .kt-row-column-wrap{column-gap:var(--global-kb-gap-none, 0rem );row-gap:var(--global-kb-gap-md, 2rem);max-width:var( --global-content-width, 1290px );padding-left:var(--global-content-edge-padding);padding-right:var(--global-content-edge-padding);grid-template-columns:repeat(2, minmax(0, 1fr));}.kb-row-layout-id2422_772117-6e > .kt-row-layout-overlay{opacity:0.30;}@media all and (max-width: 1024px){.kb-row-layout-id2422_772117-6e > .kt-row-column-wrap{grid-template-columns:minmax(0, 1fr);}}@media all and (max-width: 767px){.kb-row-layout-id2422_772117-6e > .kt-row-column-wrap{grid-template-columns:minmax(0, 1fr);}}<\/style><div class=\"kb-row-layout-wrap kb-row-layout-id2422_772117-6e alignfull has-theme-palette9-background-color kt-row-has-bg wp-block-kadence-rowlayout\"><div class=\"kt-row-column-wrap kt-has-2-columns kt-row-layout-equal kt-tab-layout-row kt-mobile-layout-row kt-row-valign-middle kb-theme-content-width\">\n<style>.kadence-column2422_6960d8-d2 > .kt-inside-inner-col,.kadence-column2422_6960d8-d2 > .kt-inside-inner-col:before{border-top-left-radius:0px;border-top-right-radius:0px;border-bottom-right-radius:0px;border-bottom-left-radius:0px;}.kadence-column2422_6960d8-d2 > .kt-inside-inner-col{column-gap:var(--global-kb-gap-sm, 1rem);}.kadence-column2422_6960d8-d2 > .kt-inside-inner-col{flex-direction:column;}.kadence-column2422_6960d8-d2 > .kt-inside-inner-col > .aligncenter{width:100%;}.kadence-column2422_6960d8-d2 > .kt-inside-inner-col:before{opacity:0.3;}.kadence-column2422_6960d8-d2{position:relative;}.kadence-column2422_6960d8-d2, .kt-inside-inner-col > .kadence-column2422_6960d8-d2:not(.specificity){margin-right:var(--global-kb-spacing-xxl, 5rem);}@media all and (max-width: 1024px){.kadence-column2422_6960d8-d2 > .kt-inside-inner-col{padding-right:var(--global-kb-spacing-3xl, 6.5rem);padding-left:var(--global-kb-spacing-3xl, 6.5rem);flex-direction:column;}}@media all and (max-width: 1024px){.kadence-column2422_6960d8-d2, .kt-inside-inner-col > .kadence-column2422_6960d8-d2:not(.specificity){margin-right:0px;margin-bottom:var(--global-kb-spacing-md, 2rem);}}@media all and (max-width: 767px){.kadence-column2422_6960d8-d2 > .kt-inside-inner-col{padding-right:var(--global-kb-spacing-xxs, 0.5rem);padding-left:var(--global-kb-spacing-xxs, 0.5rem);flex-direction:column;}}<\/style>\n<div class=\"wp-block-kadence-column kadence-column2422_6960d8-d2 inner-column-1\"><div class=\"kt-inside-inner-col\"><style>.wp-block-kadence-advancedheading.kt-adv-heading2422_37fe28-38, .wp-block-kadence-advancedheading.kt-adv-heading2422_37fe28-38[data-kb-block=\"kb-adv-heading2422_37fe28-38\"]{margin-top:0px;margin-bottom:var(--global-kb-spacing-sm, 1.5rem);line-height:1.1;font-weight:500;font-style:normal;}.wp-block-kadence-advancedheading.kt-adv-heading2422_37fe28-38 mark.kt-highlight, .wp-block-kadence-advancedheading.kt-adv-heading2422_37fe28-38[data-kb-block=\"kb-adv-heading2422_37fe28-38\"] mark.kt-highlight{font-style:normal;color:#f76a0c;-webkit-box-decoration-break:clone;box-decoration-break:clone;padding-top:0px;padding-right:0px;padding-bottom:0px;padding-left:0px;}<\/style>\n<div class=\"kt-adv-heading2422_37fe28-38 wp-block-kadence-advancedheading has-theme-palette-1-color has-text-color\" data-kb-block=\"kb-adv-heading2422_37fe28-38\">PILOTPHASE<\/div>\n\n\n<style>.wp-block-kadence-advancedheading.kt-adv-heading2422_f315e1-d6, .wp-block-kadence-advancedheading.kt-adv-heading2422_f315e1-d6[data-kb-block=\"kb-adv-heading2422_f315e1-d6\"]{margin-top:0px;margin-bottom:var(--global-kb-spacing-sm, 1.5rem);font-size:var(--global-kb-font-size-lg, 2rem);line-height:1.3;font-style:normal;}.wp-block-kadence-advancedheading.kt-adv-heading2422_f315e1-d6 mark.kt-highlight, .wp-block-kadence-advancedheading.kt-adv-heading2422_f315e1-d6[data-kb-block=\"kb-adv-heading2422_f315e1-d6\"] mark.kt-highlight{font-style:normal;color:#f76a0c;-webkit-box-decoration-break:clone;box-decoration-break:clone;padding-top:0px;padding-right:0px;padding-bottom:0px;padding-left:0px;}<\/style>\n<h3 class=\"kt-adv-heading2422_f315e1-d6 wp-block-kadence-advancedheading has-theme-palette-3-color has-text-color\" data-kb-block=\"kb-adv-heading2422_f315e1-d6\">Der Impfstreit als europaweiter Diskursgegenstand<\/h3>\n\n\n<style>.wp-block-kadence-advancedheading.kt-adv-heading2422_10ee5d-bc, .wp-block-kadence-advancedheading.kt-adv-heading2422_10ee5d-bc[data-kb-block=\"kb-adv-heading2422_10ee5d-bc\"]{margin-bottom:0px;line-height:1.6;font-style:normal;}.wp-block-kadence-advancedheading.kt-adv-heading2422_10ee5d-bc mark.kt-highlight, .wp-block-kadence-advancedheading.kt-adv-heading2422_10ee5d-bc[data-kb-block=\"kb-adv-heading2422_10ee5d-bc\"] mark.kt-highlight{font-style:normal;color:#f76a0c;-webkit-box-decoration-break:clone;box-decoration-break:clone;padding-top:0px;padding-right:0px;padding-bottom:0px;padding-left:0px;}<\/style>\n<p class=\"kt-adv-heading2422_10ee5d-bc wp-block-kadence-advancedheading has-theme-palette-4-color has-text-color\" data-kb-block=\"kb-adv-heading2422_10ee5d-bc\">In der Pilotphase des Projekts dient uns zun\u00e4chst der&nbsp;<strong>Impfstreit<\/strong>&nbsp;als europaweiter Diskursgegenstand. Das Thema wurde einerseits aufgrund der hohen gesellschaftlichen Relevanz und Emotionalit\u00e4t und andererseits aufgrund einer spezifischen Kombination aus allgemeinen und fachlichen Inhalten ausgew\u00e4hlt. Anhand eines kleinen Zeitungsartikelkorpus identifizieren und analysieren wir in den Sprachen Deutsch, Englisch, Franz\u00f6sisch und Italienisch relevante Diskursparameter, bei denen wir Annotationen auf einer autosemantischen Mikro- und einer abstrakten, interpretationsbasierten Makroebene miteinander kombinieren und im Hinblick auf verschiedene Fragestellungen auswerten. Unsere Annotationsparameter erfassen insbesondere argumentative Strukturen, sprachkulturelle Konzeptionalisierungen, Emotionen und inhaltliche Positionierungen. Die Auswertung soll Aufschluss \u00fcber die Hauptkonvergenzen und -divergenzen zwischen den verschiedenen Sprachen und Kulturen geben, insbesondere hinsichtlich der pr\u00e4valenten argumentativen und emotionalen Muster und wie diese sprachlich realisiert werden.<\/p>\n<\/div><\/div>\n\n\n<style>.kadence-column2422_95f896-21 > .kt-inside-inner-col,.kadence-column2422_95f896-21 > .kt-inside-inner-col:before{border-top-left-radius:0px;border-top-right-radius:0px;border-bottom-right-radius:0px;border-bottom-left-radius:0px;}.kadence-column2422_95f896-21 > .kt-inside-inner-col{column-gap:var(--global-kb-gap-sm, 1rem);}.kadence-column2422_95f896-21 > .kt-inside-inner-col{flex-direction:column;}.kadence-column2422_95f896-21 > .kt-inside-inner-col > .aligncenter{width:100%;}.kadence-column2422_95f896-21 > .kt-inside-inner-col:before{opacity:0.3;}.kadence-column2422_95f896-21{position:relative;}.kadence-column2422_95f896-21, .kt-inside-inner-col > .kadence-column2422_95f896-21:not(.specificity){margin-top:0px;margin-right:0px;margin-bottom:0px;margin-left:0px;}@media all and (max-width: 1024px){.kadence-column2422_95f896-21 > .kt-inside-inner-col{padding-right:var(--global-kb-spacing-xs, 1rem);padding-left:var(--global-kb-spacing-xs, 1rem);flex-direction:column;}}@media all and (max-width: 767px){.kadence-column2422_95f896-21 > .kt-inside-inner-col{padding-right:var(--global-kb-spacing-xxs, 0.5rem);padding-left:var(--global-kb-spacing-xxs, 0.5rem);flex-direction:column;}}<\/style>\n<div class=\"wp-block-kadence-column kadence-column2422_95f896-21 inner-column-2\"><div class=\"kt-inside-inner-col\"><style>.kb-image2422_51231b-30 .kb-image-has-overlay:after{opacity:0.3;}<\/style>\n<figure class=\"wp-block-kadence-image kb-image2422_51231b-30 kb-image-is-ratio-size\"><div class=\"kb-is-ratio-image kb-image-ratio-port34\"><img loading=\"lazy\" decoding=\"async\" width=\"2560\" height=\"1707\" src=\"http:\/\/ezs-online.de\/kadence-testvers\/wp-content\/uploads\/2024\/08\/Foto-23.01.22-10-16-37-scaled.jpg\" alt=\"\" class=\"kb-img wp-image-2429\" srcset=\"http:\/\/ezs-online.de\/kadence-testvers\/wp-content\/uploads\/2024\/08\/Foto-23.01.22-10-16-37-scaled.jpg 2560w, http:\/\/ezs-online.de\/kadence-testvers\/wp-content\/uploads\/2024\/08\/Foto-23.01.22-10-16-37-300x200.jpg 300w, http:\/\/ezs-online.de\/kadence-testvers\/wp-content\/uploads\/2024\/08\/Foto-23.01.22-10-16-37-1024x683.jpg 1024w, http:\/\/ezs-online.de\/kadence-testvers\/wp-content\/uploads\/2024\/08\/Foto-23.01.22-10-16-37-768x512.jpg 768w, http:\/\/ezs-online.de\/kadence-testvers\/wp-content\/uploads\/2024\/08\/Foto-23.01.22-10-16-37-1536x1024.jpg 1536w, http:\/\/ezs-online.de\/kadence-testvers\/wp-content\/uploads\/2024\/08\/Foto-23.01.22-10-16-37-2048x1365.jpg 2048w\" sizes=\"auto, (max-width: 2560px) 100vw, 2560px\" \/><\/div><\/figure>\n<\/div><\/div>\n\n<\/div><\/div>\n\n\n<p>In dem Projekt entsteht gerade im Rahmen der\u00a0<a href=\"https:\/\/4eualliance.eu\/4EU-9.html\">4EU+ European University Alliance<\/a>\u00a0eine internationale Zusammenarbeit mit der Universit\u00e4t Sorbonne in Paris, der Karls-Universit\u00e4t in Prag,\u00a0 der Universit\u00e4t in Warschau und der Universit\u00e4t Mailand (UNIMI). Unter dem Flagship 2\u00a0<a href=\"https:\/\/4eualliance.eu\/4EU-35.html#2\">Europe in a changing world: Understanding and engaging societies, economies, cultures and languages<\/a>\u00a0wird die Zusammenarbeit intensiviert und gemeinsam wird ein Beitrag zur L\u00f6sung wichtiger gesellschaftlicher Herausforderungen erarbeitet.<\/p>\n<h4 class=\"wp-block-heading\"><strong>Ver\u00f6ffentlichungen<\/strong><\/h4>\n<p>Atayan, V., Felder, E., Fetzer, B., Mattfeldt, A., Moretti, D., Straube, A., &amp; Wachter, D. (2020). Europ\u00e4ische Diskursgemeinschaft.: Projektskizze einer sprachvergleichenden Diskursanalyse.\u00a0<em>Linguistik Online<\/em>,\u00a0<em>103<\/em>(3).\u00a0<a href=\"https:\/\/doi.org\/10.13092\/lo.103.7113\">https:\/\/doi.org\/10.13092\/lo.103.7113<\/a><\/p>\n<p>\u00a0<\/p>\n\n\n<style>.kb-row-layout-id2422_eb94ff-7b > .kt-row-column-wrap{align-content:center;}:where(.kb-row-layout-id2422_eb94ff-7b > .kt-row-column-wrap) > .wp-block-kadence-column{justify-content:center;}.kb-row-layout-id2422_eb94ff-7b > .kt-row-column-wrap{column-gap:var(--global-kb-gap-md, 2rem);row-gap:var(--global-kb-gap-md, 2rem);max-width:var( --global-content-width, 1290px );padding-left:var(--global-content-edge-padding);padding-right:var(--global-content-edge-padding);padding-top:var(--global-kb-spacing-xl, 4rem);padding-bottom:var(--global-kb-spacing-xl, 4rem);grid-template-columns:minmax(0, 1fr) minmax(0, 2fr);}.kb-row-layout-id2422_eb94ff-7b > .kt-row-layout-overlay{opacity:0.30;}@media all and (max-width: 1024px){.kb-row-layout-id2422_eb94ff-7b > .kt-row-column-wrap{grid-template-columns:minmax(0, 1fr) minmax(0, 2fr);}}@media all and (max-width: 767px){.kb-row-layout-id2422_eb94ff-7b > .kt-row-column-wrap{grid-template-columns:minmax(0, 1fr);}}<\/style><div class=\"kb-row-layout-wrap kb-row-layout-id2422_eb94ff-7b alignfull has-theme-palette9-background-color kt-row-has-bg wp-block-kadence-rowlayout\"><div class=\"kt-row-column-wrap kt-has-2-columns kt-row-layout-right-golden kt-tab-layout-inherit kt-mobile-layout-row kt-row-valign-middle kb-theme-content-width\">\n<style>.kadence-column2422_46c923-37 > .kt-inside-inner-col{display:flex;}.kadence-column2422_46c923-37 > .kt-inside-inner-col{padding-right:var(--global-kb-spacing-md, 2rem);padding-left:var(--global-kb-spacing-md, 2rem);}.kadence-column2422_46c923-37 > .kt-inside-inner-col,.kadence-column2422_46c923-37 > .kt-inside-inner-col:before{border-top-left-radius:0px;border-top-right-radius:0px;border-bottom-right-radius:0px;border-bottom-left-radius:0px;}.kadence-column2422_46c923-37 > .kt-inside-inner-col{column-gap:var(--global-kb-gap-sm, 1rem);}.kadence-column2422_46c923-37 > .kt-inside-inner-col{flex-direction:column;justify-content:center;}.kadence-column2422_46c923-37 > .kt-inside-inner-col > .aligncenter{width:100%;}.kt-row-column-wrap > .kadence-column2422_46c923-37{align-self:center;}.kt-inner-column-height-full:not(.kt-has-1-columns) > .wp-block-kadence-column.kadence-column2422_46c923-37{align-self:auto;}.kt-inner-column-height-full:not(.kt-has-1-columns) > .wp-block-kadence-column.kadence-column2422_46c923-37 > .kt-inside-inner-col{flex-direction:column;justify-content:center;}.kadence-column2422_46c923-37 > .kt-inside-inner-col:before{opacity:0.3;}.kadence-column2422_46c923-37{position:relative;}@media all and (max-width: 1024px){.kt-row-column-wrap > .kadence-column2422_46c923-37{align-self:center;}}@media all and (max-width: 1024px){.kt-inner-column-height-full:not(.kt-has-1-columns) > .wp-block-kadence-column.kadence-column2422_46c923-37{align-self:auto;}}@media all and (max-width: 1024px){.kt-inner-column-height-full:not(.kt-has-1-columns) > .wp-block-kadence-column.kadence-column2422_46c923-37 > .kt-inside-inner-col{flex-direction:column;justify-content:center;}}@media all and (max-width: 1024px){.kadence-column2422_46c923-37 > .kt-inside-inner-col{flex-direction:column;}}@media all and (max-width: 767px){.kt-row-column-wrap > .kadence-column2422_46c923-37{align-self:center;}.kt-inner-column-height-full:not(.kt-has-1-columns) > .wp-block-kadence-column.kadence-column2422_46c923-37{align-self:auto;}.kt-inner-column-height-full:not(.kt-has-1-columns) > .wp-block-kadence-column.kadence-column2422_46c923-37 > .kt-inside-inner-col{flex-direction:column;justify-content:center;}.kadence-column2422_46c923-37 > .kt-inside-inner-col{flex-direction:column;}}<\/style>\n<div class=\"wp-block-kadence-column kadence-column2422_46c923-37\"><div class=\"kt-inside-inner-col\"><style>.wp-block-kadence-advancedheading.kt-adv-heading2422_5631bc-44, .wp-block-kadence-advancedheading.kt-adv-heading2422_5631bc-44[data-kb-block=\"kb-adv-heading2422_5631bc-44\"]{text-align:center;font-style:normal;}.wp-block-kadence-advancedheading.kt-adv-heading2422_5631bc-44 mark.kt-highlight, .wp-block-kadence-advancedheading.kt-adv-heading2422_5631bc-44[data-kb-block=\"kb-adv-heading2422_5631bc-44\"] mark.kt-highlight{font-style:normal;color:#f76a0c;-webkit-box-decoration-break:clone;box-decoration-break:clone;padding-top:0px;padding-right:0px;padding-bottom:0px;padding-left:0px;}<\/style>\n<p class=\"kt-adv-heading2422_5631bc-44 wp-block-kadence-advancedheading has-theme-palette-3-color has-text-color\" data-kb-block=\"kb-adv-heading2422_5631bc-44\"><strong>Projektleitung<\/strong>:\u00a0<a href=\"https:\/\/www.uni-heidelberg.de\/fakultaeten\/neuphil\/iask\/sued\/seminar\/abteilungen\/franzoesisch\/frz_leitung.html\">Prof. Dr. Vahram Atayan<\/a>\u00a0und\u00a0<a href=\"https:\/\/www.gs.uni-heidelberg.de\/sprache02\/felder\/\">Prof. Dr. Ekkehard Felder<\/a><br><strong>Projektmitarbeiter<\/strong>: Dr. Maria Becker, Bettina Fetzer, Dr. Anna Mattfeldt (bis 2020), Daniele Moretti, Vanessa M\u00fcnch (bis 2019), Dr. Annika Straube und Daniel Wachter<br><strong>Projektf\u00f6rderung<\/strong>: Innovationsfonds \u201eFRONTIER\u201c im Rahmen der Exzellenzinitiative (2018), 4EU+-Allianz im Flagship 2 (2020-2022)<\/p>\n<\/div><\/div>\n\n\n<style>.kadence-column2422_584b93-58 > .kt-inside-inner-col{min-height:480px;}.kadence-column2422_584b93-58 > .kt-inside-inner-col,.kadence-column2422_584b93-58 > .kt-inside-inner-col:before{border-top-left-radius:0px;border-top-right-radius:0px;border-bottom-right-radius:0px;border-bottom-left-radius:0px;}.kadence-column2422_584b93-58 > .kt-inside-inner-col{column-gap:var(--global-kb-gap-sm, 1rem);}.kadence-column2422_584b93-58 > .kt-inside-inner-col{flex-direction:column;}.kadence-column2422_584b93-58 > .kt-inside-inner-col > .aligncenter{width:100%;}.kadence-column2422_584b93-58 > .kt-inside-inner-col{background-image:url('http:\/\/ezs-online.de\/kadence-testvers\/wp-content\/uploads\/2024\/08\/Referenten-der-Tagung-am-IUeD-2048x1536-1-1.jpg');background-size:cover;background-position:60% 54%;background-attachment:scroll;background-repeat:no-repeat;}.kadence-column2422_584b93-58 > .kt-inside-inner-col:before{opacity:0.3;}.kadence-column2422_584b93-58{position:relative;}@media all and (max-width: 1024px){.kadence-column2422_584b93-58 > .kt-inside-inner-col{flex-direction:column;}}@media all and (max-width: 767px){.kadence-column2422_584b93-58 > .kt-inside-inner-col{flex-direction:column;}}<\/style>\n<div class=\"wp-block-kadence-column kadence-column2422_584b93-58\"><div class=\"kt-inside-inner-col\"><\/div><\/div>\n\n<\/div><\/div>","protected":false},"excerpt":{"rendered":"<p>Forschungsprojekt Europ\u00e4ische Diskursgemeinschaft: Perspektivenfrieden und Perspektivenstreit Europa ist nicht nur eine politische und \u00f6konomische (Werte-)Gemeinschaft, sondern bildet auch einen gemeinsamen, diskursiven Raum, die Europ\u00e4ische Diskursgemeinschaft: Vor unterschiedlichen sprachlichen und kulturellen Hintergr\u00fcnden wird in verschiedenen L\u00e4ndern der EU ein breites Spektrum gesellschaftlich relevanter Fragen zur selben Zeit diskutiert (Europ\u00e4ische Integration, Migration, Gleichgewicht zwischen Sicherheit und B\u00fcrgerrechten,&#8230;<\/p>\n","protected":false},"author":1,"featured_media":0,"parent":39,"menu_order":0,"comment_status":"closed","ping_status":"closed","template":"","meta":{"_kad_post_transparent":"","_kad_post_title":"","_kad_post_layout":"","_kad_post_sidebar_id":"","_kad_post_content_style":"","_kad_post_vertical_padding":"","_kad_post_feature":"","_kad_post_feature_position":"","_kad_post_header":false,"_kad_post_footer":false,"_kad_post_classname":"","footnotes":""},"class_list":["post-2422","page","type-page","status-publish","hentry"],"_links":{"self":[{"href":"http:\/\/ezs-online.de\/kadence-testvers\/index.php?rest_route=\/wp\/v2\/pages\/2422","targetHints":{"allow":["GET"]}}],"collection":[{"href":"http:\/\/ezs-online.de\/kadence-testvers\/index.php?rest_route=\/wp\/v2\/pages"}],"about":[{"href":"http:\/\/ezs-online.de\/kadence-testvers\/index.php?rest_route=\/wp\/v2\/types\/page"}],"author":[{"embeddable":true,"href":"http:\/\/ezs-online.de\/kadence-testvers\/index.php?rest_route=\/wp\/v2\/users\/1"}],"replies":[{"embeddable":true,"href":"http:\/\/ezs-online.de\/kadence-testvers\/index.php?rest_route=%2Fwp%2Fv2%2Fcomments&post=2422"}],"version-history":[{"count":6,"href":"http:\/\/ezs-online.de\/kadence-testvers\/index.php?rest_route=\/wp\/v2\/pages\/2422\/revisions"}],"predecessor-version":[{"id":2884,"href":"http:\/\/ezs-online.de\/kadence-testvers\/index.php?rest_route=\/wp\/v2\/pages\/2422\/revisions\/2884"}],"up":[{"embeddable":true,"href":"http:\/\/ezs-online.de\/kadence-testvers\/index.php?rest_route=\/wp\/v2\/pages\/39"}],"wp:attachment":[{"href":"http:\/\/ezs-online.de\/kadence-testvers\/index.php?rest_route=%2Fwp%2Fv2%2Fmedia&parent=2422"}],"curies":[{"name":"wp","href":"https:\/\/api.w.org\/{rel}","templated":true}]}}