{"id":2314,"date":"2024-07-04T10:09:22","date_gmt":"2024-07-04T08:09:22","guid":{"rendered":"http:\/\/ezs-online.de\/kadence-testvers\/?page_id=2314"},"modified":"2024-07-04T10:09:22","modified_gmt":"2024-07-04T08:09:22","slug":"impressum-2","status":"publish","type":"page","link":"http:\/\/ezs-online.de\/kadence-testvers\/?page_id=2314&lang=de","title":{"rendered":"Impressum"},"content":{"rendered":"\n<h4>Kontakt zur Gesch\u00e4ftsstelle<\/h4>\n<p>Dr. Janine Luth<br \/>Universit\u00e4t Heidelberg<br \/>Germanistisches Seminar<br \/>Hauptstra\u00dfe 207-209<\/p>\n<p><strong>Mail<\/strong>: luth[at]ezs-online.de<br \/><strong>Tel<\/strong>.: +49 6221 \u2013 543241<\/p>\n<h4>Impressum<\/h4>\n<p>Verantwortlich f\u00fcr die Inhalte dieser Internetseite gem\u00e4\u00df \u00a7 10 Absatz 3 MdStV: Prof. Dr. Ekkehard Felder.<\/p>\n<p>Dies ist die Internetseite des Europ\u00e4ischen Zentrums f\u00fcr Sprachwissenschaften (EZS). Die Urheber widersprechen hiermit ausdr\u00fccklich jeder kommerziellen Verwendung und Weitergabe der publizierten Texte und Fotos sowie der bekannt gegebenen pers\u00f6nlichen Daten gem\u00e4\u00df \u00a7 28 BDSG.<\/p>\n<p>Haftungshinweis: Trotz sorgf\u00e4ltiger inhaltlicher Kontrolle \u00fcbernehmen wir keine Haftung f\u00fcr die Inhalte externer Links. Diese wurden \u00fcberpr\u00fcft, als sie in das Internetangebot aufgenommen wurden. F\u00fcr den Inhalt der verlinkten Seiten sind dennoch ausschlie\u00dflich deren Betreiber verantwortlich.<\/p>\n","protected":false},"excerpt":{"rendered":"<p>Kontakt zur Gesch\u00e4ftsstelle Dr. Janine LuthUniversit\u00e4t HeidelbergGermanistisches SeminarHauptstra\u00dfe 207-209 Mail: luth[at]ezs-online.deTel.: +49 6221 \u2013 543241 Impressum Verantwortlich f\u00fcr die Inhalte dieser Internetseite gem\u00e4\u00df \u00a7 10 Absatz 3 MdStV: Prof. Dr. Ekkehard Felder. Dies ist die Internetseite des Europ\u00e4ischen Zentrums f\u00fcr Sprachwissenschaften (EZS). Die Urheber widersprechen hiermit ausdr\u00fccklich jeder kommerziellen Verwendung und Weitergabe der publizierten Texte&#8230;<\/p>\n","protected":false},"author":1,"featured_media":0,"parent":0,"menu_order":0,"comment_status":"closed","ping_status":"closed","template":"","meta":{"_kad_post_transparent":"","_kad_post_title":"","_kad_post_layout":"","_kad_post_sidebar_id":"","_kad_post_content_style":"","_kad_post_vertical_padding":"","_kad_post_feature":"","_kad_post_feature_position":"","_kad_post_header":false,"_kad_post_footer":false,"_kad_post_classname":"","footnotes":""},"class_list":["post-2314","page","type-page","status-publish","hentry"],"_links":{"self":[{"href":"http:\/\/ezs-online.de\/kadence-testvers\/index.php?rest_route=\/wp\/v2\/pages\/2314","targetHints":{"allow":["GET"]}}],"collection":[{"href":"http:\/\/ezs-online.de\/kadence-testvers\/index.php?rest_route=\/wp\/v2\/pages"}],"about":[{"href":"http:\/\/ezs-online.de\/kadence-testvers\/index.php?rest_route=\/wp\/v2\/types\/page"}],"author":[{"embeddable":true,"href":"http:\/\/ezs-online.de\/kadence-testvers\/index.php?rest_route=\/wp\/v2\/users\/1"}],"replies":[{"embeddable":true,"href":"http:\/\/ezs-online.de\/kadence-testvers\/index.php?rest_route=%2Fwp%2Fv2%2Fcomments&post=2314"}],"version-history":[{"count":1,"href":"http:\/\/ezs-online.de\/kadence-testvers\/index.php?rest_route=\/wp\/v2\/pages\/2314\/revisions"}],"predecessor-version":[{"id":2316,"href":"http:\/\/ezs-online.de\/kadence-testvers\/index.php?rest_route=\/wp\/v2\/pages\/2314\/revisions\/2316"}],"wp:attachment":[{"href":"http:\/\/ezs-online.de\/kadence-testvers\/index.php?rest_route=%2Fwp%2Fv2%2Fmedia&parent=2314"}],"curies":[{"name":"wp","href":"https:\/\/api.w.org\/{rel}","templated":true}]}}